{"id":1747,"date":"2026-02-16T09:54:28","date_gmt":"2026-02-16T09:54:28","guid":{"rendered":"https:\/\/castrosbarroso.com\/?page_id=1747"},"modified":"2026-02-24T22:36:37","modified_gmt":"2026-02-24T22:36:37","slug":"bibliography","status":"publish","type":"page","link":"https:\/\/castrosbarroso.com\/en\/bibliography\/","title":{"rendered":"Bibliography"},"content":{"rendered":"\n<p><\/p>\n\n\n\n<p>The <strong>Bibliography on Hillforts<\/strong> page brings together the main academic works and references dedicated to the study of hillforts, addressing their archaeology, history, and cultural context. It includes specialised publications, scientific studies, and relevant sources for furthering knowledge about these ancient fortified settlements.<\/p>\n\n\n\n<p><\/p>\n\n\n\n<ul class=\"wp-block-list\">\n<li>Baptista, J. D. (1989). Os castros do concelho de Montalegre. Revista Aquae Flaviae, 2, 111-124.<\/li>\n\n\n\n<li>Barreiros, F. B. (1915). Ensaio de invent\u00e1rio dos castros do concelho de Montalegre. O Arque\u00f3logo Portugu\u00eas,1\u00aa s\u00e9rie: 20: 211-213.<\/li>\n\n\n\n<li>Barreiros, F. B. (1920). Materiais para a arqueologia do concelho de Montalegre. O Arque\u00f3logo Portugu\u00eas, 1\u00aa S\u00e9rie, 24, 58\u201387.<\/li>\n\n\n\n<li>Carvalho, C. (2006). O povoamento Proto-Hist\u00f3rico e Romano do Alto Rabag\u00e3o &#8211; Montalegre. In Actas das XVI Jornadas sobre a Fun\u00e7\u00e3o Social do Museu. Ecomuseu de Barroso &#8211; Identidade e Desenvolvimento (pp. 125\u2013134). Montalegre: Ecomuseu de Barroso.<\/li>\n\n\n\n<li>Fonte, J., &amp; Gonz\u00e1lez-Ruibal, A. (2006). Duas Ombreiras decoradas \u201ccastrejas\u201d oriundas do Alto do Castelo (Salto, Montalegre). Influ\u00eancias Mediterr\u00e2nicas e Complexifica\u00e7\u00e3o Social na Segunda Idade do Ferro do Noroeste Peninsular. Revista de Guimar\u00e3es, 115-116, 93\u2013128.<\/li>\n\n\n\n<li>Fonte, J. (2015). Paisagens em mudan\u00e7a na transi\u00e7\u00e3o entre a Idade do Ferro e a \u00e9poca Romana no Alto T\u00e2mega e C\u00e1vado. Santiago de Compostela: Universidade de Santiago de Compostela (disserta\u00e7\u00e3o de doutoramento).<\/li>\n\n\n\n<li>Fontes, L. (1992). S\u00edtios e achados arqueol\u00f3gicos do concelho de Montalegre. Porto: Comiss\u00e3o de Coordena\u00e7\u00e3o da Regi\u00e3o do Norte.<\/li>\n\n\n\n<li>Fontes, L., Os\u00f3rio, B., Alves, M., Guerreiro.M. (2017). Atlas da Arqueologia do Parque Arqueol\u00f3gico do Vale do Terva (PAVT). Boticas: Unidade de Arqueologia da Universidade do Minho.<\/li>\n\n\n\n<li>Fontes, A. L. (2024). Castros de Montalegre. Montalegre: C\u00e2mara Municipal de Montalegre.<\/li>\n\n\n\n<li>J\u00fanior, A. M., Santos, J. N. dos, &amp; J\u00fanior, J. R. dos S. (1983). Castros do concelho de Boticas. Trabalhos de Antropologia E Etnologia, 24(3), 401\u2013451.<\/li>\n\n\n\n<li>J\u00fanior, A. M., Santos, J. N. dos, &amp; J\u00fanior, J. R. dos S. (1986). Castros do concelho de Boticas &#8211; II. Campanhas de 1984 e 1985. Anais Da Faculdade de Ci\u00eancias Do Porto, LXVI(1-4), 5\u201396.<\/li>\n\n\n\n<li>J\u00fanior, J. R. dos S. (1958). O Castro de Carvalhelhos. Trabalhos de Antropologia E Etnologia, 16(1-4), 25\u201362.<\/li>\n\n\n\n<li>J\u00fanior, J. R. dos S. (1963). Escava\u00e7\u00f5es no Castro de Carvalhelhos (campanha de 1963). Trabalhos de Antropologia E Etnologia, 19(2), 187\u2013193.<\/li>\n\n\n\n<li>J\u00fanior, J. R. dos S. (1964). Escava\u00e7\u00f5es no Castro de Carvalhelhos (campanha de 1964). Trabalhos de Antropologia E Etnologia, 19(3-4), 360\u2013365.<\/li>\n\n\n\n<li>J\u00fanior, J. R. dos S. (1966). Duas campanhas de escava\u00e7\u00f5es no Castro de Carvalhelhos (1965-1966). Trabalhos de Antropologia E Etnologia, 20(1-2), 181\u2013190.<\/li>\n\n\n\n<li>J\u00fanior, J. R. dos S. (1971). Escava\u00e7\u00f5es no Castro de Carvalhelhos (campanha de 1970). Trabalhos de Antropologia E Etnologia, 22(1), 72\u201375.<\/li>\n\n\n\n<li>J\u00fanior, J. R. dos S. (1973). As not\u00e1veis condi\u00e7\u00f5es de defesa do Castro de Carvalhelhos. Trabalhos de Antropologia E Etnologia, 22(3), 207\u2013209.<\/li>\n\n\n\n<li>J\u00fanior, J. R. dos S. (1975). Castro de Carvalhelhos. Campanha de escava\u00e7\u00f5es em Agosto de 1975. Trabalhos de Antropologia E Etnologia, 22(4), 559\u2013566.<\/li>\n\n\n\n<li>J\u00fanior, J. R. dos S. (1977). Castro de Carvalhelhos. Campanha de 1976. Trabalhos de Antropologia E Etnologia, 23(1), 161\u2013165.<\/li>\n\n\n\n<li>J\u00fanior, J. R. dos S. (1978). 27a Campanha de escava\u00e7\u00f5es no Castro de Carvalhelhos (1977). Trabalhos de Antropologia E Etnologia, 23(2-3), 323\u2013333.<\/li>\n\n\n\n<li>J\u00fanior, J. R. dos S. (1980). 28a campanha de escava\u00e7\u00f5es no Castro de Carvalhelhos, 1979. Trabalhos de Antropologia E Etnologia, 23(4), 607\u2013609.<\/li>\n\n\n\n<li>J\u00fanior, J. R. dos S. (1981). 29a campanha de escava\u00e7\u00f5es no Castro de Carvalhelhos, 1980. Trabalhos de Antropologia E Etnologia, 24(1), 140\u2013147.<\/li>\n\n\n\n<li>J\u00fanior, J. R. dos S. (1982). 30a Campanha de escava\u00e7\u00f5es no Castro de Carvalhelhos, Agosto de 1981. Trabalhos de Antropologia E Etnologia, 24(2), 249\u2013264.<\/li>\n\n\n\n<li>J\u00fanior, J. R. dos S. (1983). 31a Campanha de escava\u00e7\u00f5es no Castro de Carvalhelhos. Trabalhos de Antropologia E Etnologia, 24(3), 511\u2013519.<\/li>\n\n\n\n<li>J\u00fanior, J. R. dos S. (1984a). 30 anos de escava\u00e7\u00f5es no Castro de Carvalhelhos (Boticas &#8211; Vila Real). Revista de Guimar\u00e3es, 94, 411\u2013424.<\/li>\n\n\n\n<li>J\u00fanior, J. R. dos S. (1984b). 32a Campanha de escava\u00e7\u00f5es no Castro de Carvalhelhos (Julho-Agosto de 1983). Trabalhos de Antropologia E Etnologia, 24(4), 673\u2013682.<\/li>\n\n\n\n<li>J\u00fanior, J. R. dos S. (1985). 33a campanha de escava\u00e7\u00f5es no Castro de Carvalhelhos, Agosto de 1984. Trabalhos de Antropologia E Etnologia, 25(1-2), 170\u2013172.<\/li>\n\n\n\n<li>J\u00fanior, J. R. dos S., &amp; Freire, O. (1964). O Castro de S. Vicente da Ch\u00e3 (Barroso). Campanha de escava\u00e7\u00f5es de 1964. Trabalhos de Antropologia E Etnologia, 19(3-4), 336\u2013371.<\/li>\n\n\n\n<li>J\u00fanior, J. R. dos S., &amp; Isidoro, A. (1963). Escava\u00e7\u00f5es no Castro de S. Vicente da Ch\u00e3 (Barroso). Trabalhos de Antropologia E Etnologia, 19(2), 178\u2013186.<\/li>\n\n\n\n<li>Os\u00f3rio, B. (2014). The Iron Age Settlements and Landscape at the TVAP. In Atas do Simp\u00f3sio Internacional Paisagens Mineiras Antigas na Europa Ocidental: Investiga\u00e7\u00e3o e Valoriza\u00e7\u00e3o Cultural (p. 193). Boticas: C\u00e2mara Municipal de Boticas.<\/li>\n\n\n\n<li>Os\u00f3rio, B., &amp; Guerreiro, M. (2015). O povoamento proto-hist\u00f3rico no vale superior do rio Terva (Boticas, Norte de Portugal). F\u00e9rvedes, Actas Do III Congreso Internacional de Arqueolox\u00eda de Vilalba, 8, 183\u2013189.<\/li>\n\n\n\n<li>Silva, A. C. F. da (2007). A cultura castreja no noroeste de Portugal. Pa\u00e7os de Ferreira, C\u00e2mara Municipal de Pa\u00e7os de Ferreira.<\/li>\n\n\n\n<li>Teixeira, R. (1996). De Aquae Flaviae a Chaves. Povoamento e organiza\u00e7\u00e3o do territ\u00f3rio entre a Antiguidade e a Idade M\u00e9dia. Faculdade de Letras da Universidade do Porto (disserta\u00e7\u00e3o de mestrado).<\/li>\n<\/ul>\n","protected":false},"excerpt":{"rendered":"<p>The Bibliography on Hillforts page brings together the main academic works and references dedicated to the study of hillforts, addressing their archaeology, history, and cultural context. It includes specialised publications, scientific studies, and relevant sources for furthering knowledge about these ancient fortified settlements.<\/p>\n","protected":false},"author":1,"featured_media":0,"parent":0,"menu_order":0,"comment_status":"closed","ping_status":"closed","template":"policies-template.php","meta":{"_acf_changed":false,"footnotes":""},"class_list":["post-1747","page","type-page","status-publish","hentry"],"acf":[],"_links":{"self":[{"href":"https:\/\/castrosbarroso.com\/en\/wp-json\/wp\/v2\/pages\/1747","targetHints":{"allow":["GET"]}}],"collection":[{"href":"https:\/\/castrosbarroso.com\/en\/wp-json\/wp\/v2\/pages"}],"about":[{"href":"https:\/\/castrosbarroso.com\/en\/wp-json\/wp\/v2\/types\/page"}],"author":[{"embeddable":true,"href":"https:\/\/castrosbarroso.com\/en\/wp-json\/wp\/v2\/users\/1"}],"replies":[{"embeddable":true,"href":"https:\/\/castrosbarroso.com\/en\/wp-json\/wp\/v2\/comments?post=1747"}],"version-history":[{"count":4,"href":"https:\/\/castrosbarroso.com\/en\/wp-json\/wp\/v2\/pages\/1747\/revisions"}],"predecessor-version":[{"id":2224,"href":"https:\/\/castrosbarroso.com\/en\/wp-json\/wp\/v2\/pages\/1747\/revisions\/2224"}],"wp:attachment":[{"href":"https:\/\/castrosbarroso.com\/en\/wp-json\/wp\/v2\/media?parent=1747"}],"curies":[{"name":"wp","href":"https:\/\/api.w.org\/{rel}","templated":true}]}}